{"id":20018,"date":"2022-09-18T19:53:42","date_gmt":"2022-09-18T19:53:42","guid":{"rendered":"http:\/\/skab.com.tr\/index.php\/bizeulasin-2\/"},"modified":"2022-09-25T05:27:58","modified_gmt":"2022-09-25T05:27:58","slug":"contact","status":"publish","type":"page","link":"http:\/\/skab.com.tr\/index.php\/en\/contact\/","title":{"rendered":"CONTACT US"},"content":{"rendered":"\n<figure class=\"wp-block-image\"><img loading=\"lazy\" width=\"2560\" height=\"1105\" src=\"http:\/\/skab.com.tr\/wp-content\/uploads\/2021\/03\/adam-solomon-WHUDOzd5IYU-unsplash-1-scaled-1.jpg\" alt=\"\" class=\"wp-image-2318\" srcset=\"http:\/\/skab.com.tr\/wp-content\/uploads\/2021\/03\/adam-solomon-WHUDOzd5IYU-unsplash-1-scaled-1.jpg 2560w, http:\/\/skab.com.tr\/wp-content\/uploads\/2021\/03\/adam-solomon-WHUDOzd5IYU-unsplash-1-scaled-1-300x129.jpg 300w, http:\/\/skab.com.tr\/wp-content\/uploads\/2021\/03\/adam-solomon-WHUDOzd5IYU-unsplash-1-scaled-1-1024x442.jpg 1024w, http:\/\/skab.com.tr\/wp-content\/uploads\/2021\/03\/adam-solomon-WHUDOzd5IYU-unsplash-1-scaled-1-768x332.jpg 768w, http:\/\/skab.com.tr\/wp-content\/uploads\/2021\/03\/adam-solomon-WHUDOzd5IYU-unsplash-1-scaled-1-1536x663.jpg 1536w, http:\/\/skab.com.tr\/wp-content\/uploads\/2021\/03\/adam-solomon-WHUDOzd5IYU-unsplash-1-scaled-1-2048x884.jpg 2048w, http:\/\/skab.com.tr\/wp-content\/uploads\/2021\/03\/adam-solomon-WHUDOzd5IYU-unsplash-1-scaled-1-1300x561.jpg 1300w\" sizes=\"(max-width: 2560px) 100vw, 2560px\" \/><\/figure>\n\n\n\n\n\n<div class=\"wp-container-5 wp-block-columns\">\n<div class=\"wp-container-3 wp-block-column\">\n<div class=\"wp-container-2 wp-block-group\"><div class=\"wp-block-group__inner-container\">\n<div class=\"wp-container-1 wp-block-group\"><div class=\"wp-block-group__inner-container\">\n<p class=\"has-text-align-center\"><strong>Adress :<\/strong><\/p>\n\n\n\n<p class=\"has-text-align-center\"><strong>\u00c7ankaya Mahallesi<\/strong><\/p>\n\n\n\n<p class=\"has-text-align-center\"><strong>4718 sokak. no: 6. \u0130\u00e7 Kap\u0131 : 41<\/strong><\/p>\n\n\n\n<p class=\"has-text-align-center\"><strong>Akdeniz \/ Mersin <\/strong><\/p>\n<\/div><\/div>\n<\/div><\/div>\n\n\n\n<p><\/p>\n<\/div>\n\n\n\n<div class=\"wp-container-4 wp-block-column\">\n<iframe src=\"https:\/\/www.google.com\/maps\/embed?pb=!1m18!1m12!1m3!1d3194.942271649004!2d34.62522311505327!3d36.79593447994944!2m3!1f0!2f0!3f0!3m2!1i1024!2i768!4f13.1!3m3!1m2!1s0x1527f3092d2051d3%3A0xc0bea6420979bbed!2s%C3%87ankaya%2C%204718.%20Sk.%20No%3A6%2C%2033070%20Akdeniz%2FMersin!5e0!3m2!1str!2str!4v1663533278915!5m2!1str!2str\" width=\"600\" height=\"450\" style=\"border:0;\" allowfullscreen=\"\" loading=\"lazy\" referrerpolicy=\"no-referrer-when-downgrade\"><\/iframe>\n<\/div>\n<\/div>\n\n\n\n<div class=\"wp-container-11 wp-block-group alignfull\"><div class=\"wp-block-group__inner-container\">\n<div class=\"wp-container-10 wp-block-columns alignfull\">\n<div class=\"wp-container-7 wp-block-column\">\n<div class=\"wp-container-6 wp-block-group\"><div class=\"wp-block-group__inner-container\">\n<p class=\"has-text-align-center\"><strong>E-mail :<\/strong><\/p>\n\n\n\n<p class=\"has-text-align-center\"><strong>import@skab.com.tr<\/strong><\/p>\n\n\n\n<p class=\"has-text-align-center\"><strong>export@skab.com.tr<\/strong><\/p>\n<\/div><\/div>\n<\/div>\n\n\n\n<div class=\"wp-container-9 wp-block-column\">\n<div class=\"wp-container-8 wp-block-group\"><div class=\"wp-block-group__inner-container\">\n<p class=\"has-text-align-center\"><strong>Tel :<\/strong><\/p>\n\n\n\n<p class=\"has-text-align-center\"><strong>+90 5321392667<\/strong><\/p>\n<\/div><\/div>\n\n\n\n<p><\/p>\n<\/div>\n<\/div>\n<\/div><\/div>\n\n\n\n<div class=\"wp-container-14 wp-block-columns\">\n<div class=\"wp-container-12 wp-block-column\">\n<h2 class=\"alignfull has-text-align-center\" id=\"h-let-s-chat\">Contact us<\/h2>\n\n\n\n<figure class=\"wp-block-image size-large\"><img loading=\"lazy\" width=\"600\" height=\"600\" src=\"http:\/\/skab.com.tr\/wp-content\/uploads\/2021\/03\/animated-arrow-form.gif\" alt=\"\" class=\"wp-image-2367\"\/><\/figure>\n<\/div>\n\n\n\n<div class=\"wp-container-13 wp-block-column\"><div class=\"wpforms-container wpforms-container-full\" id=\"wpforms-2369\"><form id=\"wpforms-form-2369\" class=\"wpforms-validate wpforms-form\" data-formid=\"2369\" method=\"post\" enctype=\"multipart\/form-data\" action=\"\/index.php\/wp-json\/wp\/v2\/pages\/20018\" data-token=\"1274b94347268e33caadeab376362950\"><noscript class=\"wpforms-error-noscript\">Please enable JavaScript in your browser to complete this form.<\/noscript><div class=\"wpforms-field-container\"><div id=\"wpforms-2369-field_0-container\" class=\"wpforms-field wpforms-field-name\" data-field-id=\"0\"><label class=\"wpforms-field-label\" for=\"wpforms-2369-field_0\">Name <span class=\"wpforms-required-label\">*<\/span><\/label><div class=\"wpforms-field-row wpforms-field-medium\"><div class=\"wpforms-field-row-block wpforms-first wpforms-one-half\"><input type=\"text\" id=\"wpforms-2369-field_0\" class=\"wpforms-field-name-first wpforms-field-required\" name=\"wpforms[fields][0][first]\" required><label for=\"wpforms-2369-field_0\" class=\"wpforms-field-sublabel after \">First<\/label><\/div><div class=\"wpforms-field-row-block wpforms-one-half\"><input type=\"text\" id=\"wpforms-2369-field_0-last\" class=\"wpforms-field-name-last wpforms-field-required\" name=\"wpforms[fields][0][last]\" required><label for=\"wpforms-2369-field_0-last\" class=\"wpforms-field-sublabel after \">Last<\/label><\/div><\/div><\/div><div id=\"wpforms-2369-field_1-container\" class=\"wpforms-field wpforms-field-email\" data-field-id=\"1\"><label class=\"wpforms-field-label\" for=\"wpforms-2369-field_1\">Email <span class=\"wpforms-required-label\">*<\/span><\/label><input type=\"email\" id=\"wpforms-2369-field_1\" class=\"wpforms-field-medium wpforms-field-required\" name=\"wpforms[fields][1]\" required><\/div><div id=\"wpforms-2369-field_2-container\" class=\"wpforms-field wpforms-field-textarea\" data-field-id=\"2\"><label class=\"wpforms-field-label\" for=\"wpforms-2369-field_2\">Comment or Message <span class=\"wpforms-required-label\">*<\/span><\/label><textarea id=\"wpforms-2369-field_2\" class=\"wpforms-field-medium wpforms-field-required\" name=\"wpforms[fields][2]\" required><\/textarea><\/div><\/div><div class=\"wpforms-submit-container\"><input type=\"hidden\" name=\"wpforms[id]\" value=\"2369\"><input type=\"hidden\" name=\"wpforms[author]\" value=\"1\"><button type=\"submit\" name=\"wpforms[submit]\" id=\"wpforms-submit-2369\" class=\"wpforms-submit\" data-alt-text=\"Sending...\" data-submit-text=\"Submit\" aria-live=\"assertive\" value=\"wpforms-submit\">Submit<\/button><\/div><\/form><\/div>  <!-- .wpforms-container --><\/div>\n<\/div>\n","protected":false},"excerpt":{"rendered":"<p>Adress : \u00c7ankaya Mahallesi 4718 sokak. no: 6. \u0130\u00e7 Kap\u0131 : 41 Akdeniz \/ Mersin E-mail : import@skab.com.tr export@skab.com.tr Tel : +90 5321392667 Contact us<\/p>\n","protected":false},"author":1,"featured_media":0,"parent":0,"menu_order":0,"comment_status":"closed","ping_status":"closed","template":"","meta":{"_monsterinsights_skip_tracking":false,"_monsterinsights_sitenote_active":false,"_monsterinsights_sitenote_note":"","_monsterinsights_sitenote_category":0},"aioseo_notices":[],"_links":{"self":[{"href":"http:\/\/skab.com.tr\/index.php\/wp-json\/wp\/v2\/pages\/20018"}],"collection":[{"href":"http:\/\/skab.com.tr\/index.php\/wp-json\/wp\/v2\/pages"}],"about":[{"href":"http:\/\/skab.com.tr\/index.php\/wp-json\/wp\/v2\/types\/page"}],"author":[{"embeddable":true,"href":"http:\/\/skab.com.tr\/index.php\/wp-json\/wp\/v2\/users\/1"}],"replies":[{"embeddable":true,"href":"http:\/\/skab.com.tr\/index.php\/wp-json\/wp\/v2\/comments?post=20018"}],"version-history":[{"count":2,"href":"http:\/\/skab.com.tr\/index.php\/wp-json\/wp\/v2\/pages\/20018\/revisions"}],"predecessor-version":[{"id":20023,"href":"http:\/\/skab.com.tr\/index.php\/wp-json\/wp\/v2\/pages\/20018\/revisions\/20023"}],"wp:attachment":[{"href":"http:\/\/skab.com.tr\/index.php\/wp-json\/wp\/v2\/media?parent=20018"}],"curies":[{"name":"wp","href":"https:\/\/api.w.org\/{rel}","templated":true}]}}