{"id":2466,"date":"2022-09-18T21:23:39","date_gmt":"2022-09-18T21:23:39","guid":{"rendered":"http:\/\/skab.com.tr\/?page_id=2466"},"modified":"2022-09-25T06:22:07","modified_gmt":"2022-09-25T06:22:07","slug":"orman-urunleri","status":"publish","type":"page","link":"http:\/\/skab.com.tr\/index.php\/orman-urunleri\/","title":{"rendered":"ORMAN \u00dcR\u00dcNLER\u0130"},"content":{"rendered":"\n<h2>Kabuk, pelet , pet ve cips ba\u015fta olmak \u00fczere t\u00fcm ah\u015fap \u00fcr\u00fcnler i\u00e7in \u00fcretim ve i\u015fleme yapmaktay\u0131z<\/h2>\n\n\n\n<figure class=\"wp-block-image size-full\"><img loading=\"lazy\" width=\"800\" height=\"500\" src=\"http:\/\/skab.com.tr\/wp-content\/uploads\/2022\/09\/CAMPELET-1.jpeg\" alt=\"\" class=\"wp-image-19909\" srcset=\"http:\/\/skab.com.tr\/wp-content\/uploads\/2022\/09\/CAMPELET-1.jpeg 800w, http:\/\/skab.com.tr\/wp-content\/uploads\/2022\/09\/CAMPELET-1-300x188.jpeg 300w, http:\/\/skab.com.tr\/wp-content\/uploads\/2022\/09\/CAMPELET-1-768x480.jpeg 768w\" sizes=\"(max-width: 800px) 100vw, 800px\" \/><\/figure>\n\n\n\n<figure class=\"wp-block-image size-full is-resized\"><img loading=\"lazy\" src=\"http:\/\/skab.com.tr\/wp-content\/uploads\/2022\/09\/cips-2-2.jpeg\" alt=\"\" class=\"wp-image-19911\" width=\"468\" height=\"311\"\/><\/figure>\n\n\n\n<figure class=\"wp-block-image size-large\"><img loading=\"lazy\" width=\"1024\" height=\"430\" src=\"http:\/\/skab.com.tr\/wp-content\/uploads\/2022\/09\/KABUK-4-1024x430.jpg\" alt=\"\" class=\"wp-image-19917\" srcset=\"http:\/\/skab.com.tr\/wp-content\/uploads\/2022\/09\/KABUK-4-1024x430.jpg 1024w, http:\/\/skab.com.tr\/wp-content\/uploads\/2022\/09\/KABUK-4-300x126.jpg 300w, http:\/\/skab.com.tr\/wp-content\/uploads\/2022\/09\/KABUK-4-768x323.jpg 768w, http:\/\/skab.com.tr\/wp-content\/uploads\/2022\/09\/KABUK-4-1300x546.jpg 1300w, http:\/\/skab.com.tr\/wp-content\/uploads\/2022\/09\/KABUK-4.jpg 1500w\" sizes=\"(max-width: 1024px) 100vw, 1024px\" \/><\/figure>\n\n\n\n<figure class=\"wp-block-image size-full\"><img loading=\"lazy\" width=\"1000\" height=\"667\" src=\"http:\/\/skab.com.tr\/wp-content\/uploads\/2022\/09\/WOODP-1.jpg\" alt=\"\" class=\"wp-image-19907\" srcset=\"http:\/\/skab.com.tr\/wp-content\/uploads\/2022\/09\/WOODP-1.jpg 1000w, http:\/\/skab.com.tr\/wp-content\/uploads\/2022\/09\/WOODP-1-300x200.jpg 300w, http:\/\/skab.com.tr\/wp-content\/uploads\/2022\/09\/WOODP-1-768x512.jpg 768w\" sizes=\"(max-width: 1000px) 100vw, 1000px\" \/><\/figure>\n","protected":false},"excerpt":{"rendered":"<p>Kabuk, pelet , pet ve cips ba\u015fta olmak \u00fczere t\u00fcm ah\u015fap \u00fcr\u00fcnler i\u00e7in \u00fcretim ve i\u015fleme yapmaktay\u0131z<\/p>\n","protected":false},"author":1,"featured_media":0,"parent":0,"menu_order":0,"comment_status":"closed","ping_status":"closed","template":"","meta":{"_monsterinsights_skip_tracking":false,"_monsterinsights_sitenote_active":false,"_monsterinsights_sitenote_note":"","_monsterinsights_sitenote_category":0},"aioseo_notices":[],"_links":{"self":[{"href":"http:\/\/skab.com.tr\/index.php\/wp-json\/wp\/v2\/pages\/2466"}],"collection":[{"href":"http:\/\/skab.com.tr\/index.php\/wp-json\/wp\/v2\/pages"}],"about":[{"href":"http:\/\/skab.com.tr\/index.php\/wp-json\/wp\/v2\/types\/page"}],"author":[{"embeddable":true,"href":"http:\/\/skab.com.tr\/index.php\/wp-json\/wp\/v2\/users\/1"}],"replies":[{"embeddable":true,"href":"http:\/\/skab.com.tr\/index.php\/wp-json\/wp\/v2\/comments?post=2466"}],"version-history":[{"count":3,"href":"http:\/\/skab.com.tr\/index.php\/wp-json\/wp\/v2\/pages\/2466\/revisions"}],"predecessor-version":[{"id":20045,"href":"http:\/\/skab.com.tr\/index.php\/wp-json\/wp\/v2\/pages\/2466\/revisions\/20045"}],"wp:attachment":[{"href":"http:\/\/skab.com.tr\/index.php\/wp-json\/wp\/v2\/media?parent=2466"}],"curies":[{"name":"wp","href":"https:\/\/api.w.org\/{rel}","templated":true}]}}