{"id":13,"date":"2022-09-18T19:53:39","date_gmt":"2021-03-09T09:03:37","guid":{"rendered":"http:\/\/skab.com.tr\/index.php\/about-us\/"},"modified":"2022-09-25T05:53:57","modified_gmt":"2022-09-25T05:53:57","slug":"hakkimizda","status":"publish","type":"page","link":"https:\/\/skab.com.tr\/index.php\/hakkimizda\/","title":{"rendered":"HAKKIMIZDA"},"content":{"rendered":"\n<p><\/p>\n\n\n\n<figure class=\"wp-block-pullquote\"><blockquote><p><strong>SKAB, dan\u0131\u015fmanl\u0131k, tedarik zinciri y\u00f6netimi, lojistik optimizasyon ve depolama alanlar\u0131nda lider bir T\u00fcrk firmas\u0131d\u0131r.<\/strong><\/p><\/blockquote><\/figure>\n\n\n\n<div class=\"wp-container-1 wp-block-group\"><div class=\"wp-block-group__inner-container\">\n<figure class=\"wp-block-pullquote\"><blockquote><p>2014 YILINDAN BU YANA ORMAN \u00dcR\u00dcNLER\u0130 VE SU \u00dcR\u00dcNLER\u0130 SEKT\u00d6R\u00dcNDE \u00dcRET\u0130M YAPAN F\u0130RMAMIZ DO\u011eAYA VE HAYVANLARA ZARAR VERMEYEN Y\u00d6NTEMLERLE YEM VE PELET \u00dcRET\u0130M\u0130 YAPMAKTADIR<\/p><\/blockquote><\/figure>\n<\/div><\/div>\n\n\n\n<div class=\"wp-container-7 wp-block-columns has-gray-background-color has-background\">\n<div class=\"wp-container-4 wp-block-column\">\n<h4>2014&#8217;ten Beri<\/h4>\n\n\n\n<p>\u015eirketimiz i\u015f hayat\u0131nda kazand\u0131\u011f\u0131 deneyimleri makinele\u015fmeyle birle\u015ftirerek orman art\u0131klar\u0131n\u0131 geri d\u00f6n\u00fc\u015ft\u00fcrmede  ulusal-uluslararas\u0131 bir oyuncu olma yolunda g\u00fcvenli bir \u015fekilde ilerlemektedir<\/p>\n\n\n\n<figure class=\"wp-block-image size-full\"><img loading=\"lazy\" width=\"238\" height=\"211\" src=\"http:\/\/skab.com.tr\/wp-content\/uploads\/2022\/09\/depo-2.png\" alt=\"\" class=\"wp-image-19912\"\/><\/figure>\n\n\n\n<figure class=\"wp-container-3 wp-block-gallery-2 wp-block-gallery has-nested-images columns-default is-cropped\"><\/figure>\n<\/div>\n\n\n\n<div class=\"wp-container-5 wp-block-column\">\n<h4>\u0130thalat<\/h4>\n\n\n\n<p>\u00c7al\u0131\u015fmalar\u0131n\u0131 \u2018\u2019do\u011faya sayg\u0131 ve kazan\u0131m\u2019\u2019 ilkesiyle ger\u00e7ekle\u015ftiren firmam\u0131z tala\u015ftan katma de\u011fer \u00fcreterek \u00fclkemizin d\u0131\u015f ticaretine katk\u0131 sunmaktad\u0131r.<\/p>\n\n\n\n<figure class=\"wp-block-image size-full\"><img loading=\"lazy\" width=\"242\" height=\"208\" src=\"http:\/\/skab.com.tr\/wp-content\/uploads\/2022\/09\/import-2.jpeg\" alt=\"\" class=\"wp-image-19913\"\/><\/figure>\n<\/div>\n\n\n\n<div class=\"wp-container-6 wp-block-column\">\n<h4>\u0130hracat<\/h4>\n\n\n\n<p>Sekt\u00f6r\u00fcnde yeniliklere a\u00e7\u0131k ve geli\u015fimci bir anlay\u0131\u015fla yat\u0131r\u0131mlar\u0131m\u0131z\u0131 devam ettirmekteyiz<\/p>\n\n\n\n<p><\/p>\n\n\n\n<figure class=\"wp-block-image size-full\"><img loading=\"lazy\" width=\"270\" height=\"187\" src=\"http:\/\/skab.com.tr\/wp-content\/uploads\/2022\/09\/GUMRUK-1.jpeg\" alt=\"\" class=\"wp-image-20025\"\/><\/figure>\n<\/div>\n<\/div>\n\n\n\n<div class=\"wp-container-11 wp-block-columns\">\n<div class=\"wp-container-8 wp-block-column\">\n<h2 class=\"has-text-align-center\">Tarih\u00e7e<\/h2>\n\n\n\n<p>2014 y\u0131l\u0131nda kurulan \u015firketimiz her ge\u00e7en y\u0131l \u00fcr\u00fcn portf\u00f6y\u00fcn\u00fc geni\u015fleterek yoluna devam etmektedir<\/p>\n\n\n\n<figure class=\"wp-block-image size-full is-resized\"><img loading=\"lazy\" src=\"http:\/\/skab.com.tr\/wp-content\/uploads\/2022\/09\/tarihce.jpeg\" alt=\"\" class=\"wp-image-20026\" width=\"396\" height=\"220\"\/><\/figure>\n\n\n\n<h2 class=\"has-text-align-center\">Hedeflerimiz<\/h2>\n\n\n\n<p>Farkl\u0131 ihtiya\u00e7lar\u0131na yan\u0131t veren \u00fcr\u00fcn yelpazesinde enerji \u00fcretimi, hanelerdeki kaliteli ve do\u011fayla dost \u0131s\u0131nmaya ve sevimli dostlar\u0131m\u0131z yuvalar\u0131 i\u00e7in ihtiya\u00e7 duyaca\u011f\u0131 temel gereksinimlere kadar bir \u00e7ok noktaya temas etmekteyiz. Kuruldu\u011fu g\u00fcnden bu yana \u00e7evre ve s\u00fcrd\u00fcr\u00fclebilirlik yakla\u015f\u0131m\u0131 \u015firketimizin temel hedefi olmu\u015ftur.<\/p>\n\n\n\n<figure class=\"wp-block-image size-full is-resized\"><img loading=\"lazy\" src=\"http:\/\/skab.com.tr\/wp-content\/uploads\/2022\/09\/hedef.jpeg\" alt=\"\" class=\"wp-image-20027\" width=\"388\" height=\"388\" srcset=\"https:\/\/skab.com.tr\/wp-content\/uploads\/2022\/09\/hedef.jpeg 224w, https:\/\/skab.com.tr\/wp-content\/uploads\/2022\/09\/hedef-150x150.jpeg 150w, https:\/\/skab.com.tr\/wp-content\/uploads\/2022\/09\/hedef-120x120.jpeg 120w, https:\/\/skab.com.tr\/wp-content\/uploads\/2022\/09\/hedef-46x46.jpeg 46w\" sizes=\"(max-width: 388px) 100vw, 388px\" \/><\/figure>\n<\/div>\n\n\n\n<div class=\"wp-container-10 wp-block-column\">\n<h2 class=\"has-text-align-center\">Temel De\u011ferler<\/h2>\n\n\n\n<div class=\"wp-container-9 wp-block-group\"><div class=\"wp-block-group__inner-container\">\n<ul><li>Nakliye ve lojistik hizmetleri de dahil olmak \u00fczere t\u00fcm tedarik zinciri s\u00fcre\u00e7leri i\u00e7in m\u00fc\u015fteri ihtiya\u00e7lar\u0131n\u0131 kar\u015f\u0131layan lider bir k\u00fcresel tedarik\u00e7i olmak istiyoruz.<\/li><li> Harika m\u00fc\u015fteri deneyimleri ve y\u00fcksek kaliteli hizmetler sunuyoruz \u015eeffaf\u0131z ve sonu\u00e7lara g\u00f6re hareket ederiz. <\/li><li>Belirli projeler i\u00e7in \u00f6zel \u00e7\u00f6z\u00fcmler sunuyoruz. <\/li><li>Kurumsal felsefemiz, hizmet etti\u011fimiz toplum ve i\u00e7inde \u00e7al\u0131\u015ft\u0131\u011f\u0131m\u0131z \u00e7evre i\u00e7in kendimizi &#8216;sorumlu&#8217; hissetmemizi sa\u011flar.<\/li><\/ul>\n<\/div><\/div>\n\n\n\n<figure class=\"wp-block-image size-full is-resized\"><img loading=\"lazy\" src=\"http:\/\/skab.com.tr\/wp-content\/uploads\/2022\/09\/degerler.png\" alt=\"\" class=\"wp-image-20028\" width=\"361\" height=\"361\" srcset=\"https:\/\/skab.com.tr\/wp-content\/uploads\/2022\/09\/degerler.png 225w, https:\/\/skab.com.tr\/wp-content\/uploads\/2022\/09\/degerler-150x150.png 150w, https:\/\/skab.com.tr\/wp-content\/uploads\/2022\/09\/degerler-120x120.png 120w, https:\/\/skab.com.tr\/wp-content\/uploads\/2022\/09\/degerler-46x46.png 46w\" sizes=\"(max-width: 361px) 100vw, 361px\" \/><\/figure>\n<\/div>\n<\/div>\n\n\n\n<h2 class=\"has-text-align-center\"><\/h2>\n","protected":false},"excerpt":{"rendered":"<p>SKAB, dan\u0131\u015fmanl\u0131k, tedarik zinciri y\u00f6netimi, lojistik optimizasyon ve depolama alanlar\u0131nda lider bir T\u00fcrk firmas\u0131d\u0131r. 2014 YILINDAN BU YANA ORMAN \u00dcR\u00dcNLER\u0130 VE SU \u00dcR\u00dcNLER\u0130 SEKT\u00d6R\u00dcNDE \u00dcRET\u0130M YAPAN F\u0130RMAMIZ DO\u011eAYA VE HAYVANLARA ZARAR VERMEYEN Y\u00d6NTEMLERLE YEM VE PELET \u00dcRET\u0130M\u0130 YAPMAKTADIR 2014&#8217;ten Beri \u015eirketimiz i\u015f hayat\u0131nda kazand\u0131\u011f\u0131 deneyimleri makinele\u015fmeyle birle\u015ftirerek orman art\u0131klar\u0131n\u0131 geri d\u00f6n\u00fc\u015ft\u00fcrmede ulusal-uluslararas\u0131 bir oyuncu olma [&hellip;]<\/p>\n","protected":false},"author":1,"featured_media":0,"parent":0,"menu_order":0,"comment_status":"closed","ping_status":"closed","template":"","meta":{"_monsterinsights_skip_tracking":false,"_monsterinsights_sitenote_active":false,"_monsterinsights_sitenote_note":"","_monsterinsights_sitenote_category":0},"aioseo_notices":[],"_links":{"self":[{"href":"https:\/\/skab.com.tr\/index.php\/wp-json\/wp\/v2\/pages\/13"}],"collection":[{"href":"https:\/\/skab.com.tr\/index.php\/wp-json\/wp\/v2\/pages"}],"about":[{"href":"https:\/\/skab.com.tr\/index.php\/wp-json\/wp\/v2\/types\/page"}],"author":[{"embeddable":true,"href":"https:\/\/skab.com.tr\/index.php\/wp-json\/wp\/v2\/users\/1"}],"replies":[{"embeddable":true,"href":"https:\/\/skab.com.tr\/index.php\/wp-json\/wp\/v2\/comments?post=13"}],"version-history":[{"count":7,"href":"https:\/\/skab.com.tr\/index.php\/wp-json\/wp\/v2\/pages\/13\/revisions"}],"predecessor-version":[{"id":20032,"href":"https:\/\/skab.com.tr\/index.php\/wp-json\/wp\/v2\/pages\/13\/revisions\/20032"}],"wp:attachment":[{"href":"https:\/\/skab.com.tr\/index.php\/wp-json\/wp\/v2\/media?parent=13"}],"curies":[{"name":"wp","href":"https:\/\/api.w.org\/{rel}","templated":true}]}}