{"id":19832,"date":"2022-09-23T07:43:02","date_gmt":"2022-09-23T07:43:02","guid":{"rendered":"http:\/\/skab.com.tr\/index.php\/home-turkce\/"},"modified":"2022-09-25T06:20:28","modified_gmt":"2022-09-25T06:20:28","slug":"home-turkce","status":"publish","type":"page","link":"https:\/\/skab.com.tr\/","title":{"rendered":"ANASAYFA"},"content":{"rendered":"<p><style>\/*! elementor - v3.7.5 - 14-09-2022 *\/<br \/>\n.elementor-heading-title{padding:0;margin:0;line-height:1}.elementor-widget-heading .elementor-heading-title[class*=elementor-size-]>a{color:inherit;font-size:inherit;line-height:inherit}.elementor-widget-heading .elementor-heading-title.elementor-size-small{font-size:15px}.elementor-widget-heading .elementor-heading-title.elementor-size-medium{font-size:19px}.elementor-widget-heading .elementor-heading-title.elementor-size-large{font-size:29px}.elementor-widget-heading .elementor-heading-title.elementor-size-xl{font-size:39px}.elementor-widget-heading .elementor-heading-title.elementor-size-xxl{font-size:59px}<\/style><\/p>\n<h2>\u00a0<\/h2>\n<blockquote>\n<h2 style=\"text-align: center;\">SKAB, T\u00fcrkiye&#8217;de su \u00fcr\u00fcnleri yeti\u015ftiricili\u011fi, kimyasal \u00fcr\u00fcnler, a\u011fa\u00e7 ve ah\u015fap \u00fcr\u00fcnleri end\u00fcstrisindeki \u00f6nde gelen \u015firketlerin ana hizmet sa\u011flay\u0131c\u0131lar\u0131ndan biridir. Bu end\u00fcstrilerin tedarik zinciri operasyonlar\u0131nda g\u00fc\u00e7l\u00fc bir rol oynuyoruz.<\/h2>\n<\/blockquote>\n<h2>\u00a0<\/h2>\n<p><style>\/*! elementor - v3.7.5 - 14-09-2022 *\/<br \/>\n.elementor-widget-image{text-align:center}.elementor-widget-image a{display:inline-block}.elementor-widget-image a img[src$=\".svg\"]{width:48px}.elementor-widget-image img{vertical-align:middle;display:inline-block}<\/style><\/p>\n<p><img loading=\"lazy\" src=\"http:\/\/skab.com.tr\/wp-content\/uploads\/2022\/09\/KABUK-2-700x630.jpg\" alt=\"\" width=\"700\" height=\"630\" \/><\/p>\n<figure>\n<figcaption><\/figcaption>\n<\/figure>\n\n\n<figure class=\"wp-block-image size-full\"><img loading=\"lazy\" width=\"1000\" height=\"564\" src=\"http:\/\/skab.com.tr\/wp-content\/uploads\/2022\/09\/pelet-yakit.jpg\" alt=\"\" class=\"wp-image-19942\" srcset=\"https:\/\/skab.com.tr\/wp-content\/uploads\/2022\/09\/pelet-yakit.jpg 1000w, https:\/\/skab.com.tr\/wp-content\/uploads\/2022\/09\/pelet-yakit-300x169.jpg 300w, https:\/\/skab.com.tr\/wp-content\/uploads\/2022\/09\/pelet-yakit-768x433.jpg 768w\" sizes=\"(max-width: 1000px) 100vw, 1000px\" \/><\/figure>\n","protected":false},"excerpt":{"rendered":"<p>\u00a0 SKAB, T\u00fcrkiye&#8217;de su \u00fcr\u00fcnleri yeti\u015ftiricili\u011fi, kimyasal \u00fcr\u00fcnler, a\u011fa\u00e7 ve ah\u015fap \u00fcr\u00fcnleri end\u00fcstrisindeki \u00f6nde gelen \u015firketlerin ana hizmet sa\u011flay\u0131c\u0131lar\u0131ndan biridir. Bu end\u00fcstrilerin tedarik zinciri operasyonlar\u0131nda g\u00fc\u00e7l\u00fc bir rol oynuyoruz. \u00a0<\/p>\n","protected":false},"author":1,"featured_media":0,"parent":0,"menu_order":0,"comment_status":"closed","ping_status":"closed","template":"","meta":{"_monsterinsights_skip_tracking":false,"_monsterinsights_sitenote_active":false,"_monsterinsights_sitenote_note":"","_monsterinsights_sitenote_category":0},"aioseo_notices":[],"_links":{"self":[{"href":"https:\/\/skab.com.tr\/index.php\/wp-json\/wp\/v2\/pages\/19832"}],"collection":[{"href":"https:\/\/skab.com.tr\/index.php\/wp-json\/wp\/v2\/pages"}],"about":[{"href":"https:\/\/skab.com.tr\/index.php\/wp-json\/wp\/v2\/types\/page"}],"author":[{"embeddable":true,"href":"https:\/\/skab.com.tr\/index.php\/wp-json\/wp\/v2\/users\/1"}],"replies":[{"embeddable":true,"href":"https:\/\/skab.com.tr\/index.php\/wp-json\/wp\/v2\/comments?post=19832"}],"version-history":[{"count":6,"href":"https:\/\/skab.com.tr\/index.php\/wp-json\/wp\/v2\/pages\/19832\/revisions"}],"predecessor-version":[{"id":20044,"href":"https:\/\/skab.com.tr\/index.php\/wp-json\/wp\/v2\/pages\/19832\/revisions\/20044"}],"wp:attachment":[{"href":"https:\/\/skab.com.tr\/index.php\/wp-json\/wp\/v2\/media?parent=19832"}],"curies":[{"name":"wp","href":"https:\/\/api.w.org\/{rel}","templated":true}]}}