{"id":19925,"date":"2022-09-24T14:40:20","date_gmt":"2022-09-24T14:40:20","guid":{"rendered":"http:\/\/skab.com.tr\/?page_id=19925"},"modified":"2022-09-25T05:10:57","modified_gmt":"2022-09-25T05:10:57","slug":"hizmetler","status":"publish","type":"page","link":"https:\/\/skab.com.tr\/index.php\/hizmetler\/","title":{"rendered":"H\u0130ZMETLER"},"content":{"rendered":"\n<figure class=\"wp-block-table\"><table><tbody><tr><td><a href=\"http:\/\/skab.com.tr\/index.php\/depolama-cozumleri\/\" title=\"Depolama \u00c7\u00f6z\u00fcmleri\">DEPOLAMA \u00c7\u00d6Z\u00dcMLER\u0130 <\/a>     <\/td><td><a href=\"http:\/\/skab.com.tr\/index.php\/hizmetler\/tedarikzinciri\/\" title=\"TEDAR\u0130K Z\u0130NC\u0130R\u0130 DANI\u015eMANLI\u011eI\">TEDAR\u0130K Z\u0130NC\u0130R\u0130 DANI\u015eMANLI\u011eI<\/a><\/td><\/tr><tr><td><img loading=\"lazy\" width=\"267\" height=\"189\" class=\"wp-image-19926\" style=\"width: 500px;\" src=\"http:\/\/skab.com.tr\/wp-content\/uploads\/2022\/09\/DEPOLAMA.jpeg\" alt=\"\"><\/td><td><img loading=\"lazy\" width=\"311\" height=\"162\" class=\"wp-image-19946\" style=\"width: 500px;\" src=\"http:\/\/skab.com.tr\/wp-content\/uploads\/2022\/09\/TEDARIK.jpeg\" alt=\"\" srcset=\"https:\/\/skab.com.tr\/wp-content\/uploads\/2022\/09\/TEDARIK.jpeg 311w, https:\/\/skab.com.tr\/wp-content\/uploads\/2022\/09\/TEDARIK-300x156.jpeg 300w\" sizes=\"(max-width: 311px) 100vw, 311px\" \/><\/td><\/tr><tr><td><a href=\"http:\/\/skab.com.tr\/index.php\/hizmetler\/pazaritanima\/\" title=\"PAZARI TANIMA VE GEN\u0130\u015eLEME DANI\u015eMALI\u011eI\">PAZARI TANIMA VE GEN\u0130\u015eLEME DANI\u015eMALI\u011eI<\/a><\/td><td><a href=\"http:\/\/skab.com.tr\/index.php\/hizmetler\/lojistik-2\/\" title=\"Lojistik \u00c7\u00f6z\u00fcmleri\">LOJ\u0130ST\u0130K H\u0130ZMETLER<\/a><\/td><\/tr><tr><td><img loading=\"lazy\" width=\"257\" height=\"196\" class=\"wp-image-19940\" style=\"width: 500px;\" src=\"http:\/\/skab.com.tr\/wp-content\/uploads\/2022\/09\/MARKETTING.jpeg\" alt=\"\"><\/td><td><img loading=\"lazy\" width=\"259\" height=\"194\" class=\"wp-image-19939\" style=\"width: 500px;\" src=\"http:\/\/skab.com.tr\/wp-content\/uploads\/2022\/09\/LOJISTIK.jpeg\" alt=\"\"><\/td><\/tr><tr><td><a href=\"http:\/\/skab.com.tr\/index.php\/hizmetler\/gumrukmusavirligi\/\" title=\"G\u00dcMR\u00dcK M\u00dc\u015eAV\u0130RL\u0130\u011e\u0130 VE DANI\u015eMANLI\u011eI\">G\u00dcMR\u00dcK M\u00dc\u015eAV\u0130RL\u0130\u011e\u0130 VE DANI\u015eMANLI\u011eI<\/a><\/td><td><a href=\"http:\/\/skab.com.tr\/index.php\/hizmetler\/ithalat\/\" title=\"\u0130HRACAT VE \u0130THALAT DANI\u015eMANLI\u011eI\">\u0130HRACAT VE \u0130THALAT DANI\u015eMANLI\u011eI<\/a><\/td><\/tr><tr><td><img loading=\"lazy\" width=\"270\" height=\"187\" class=\"wp-image-19927\" style=\"width: 500px;\" src=\"http:\/\/skab.com.tr\/wp-content\/uploads\/2022\/09\/GUMRUK.jpeg\" alt=\"\"><\/td><td><img loading=\"lazy\" width=\"242\" height=\"208\" class=\"wp-image-19795\" style=\"width: 500px;\" src=\"http:\/\/skab.com.tr\/wp-content\/uploads\/2022\/09\/import-1.jpeg\" alt=\"\"><\/td><\/tr><\/tbody><\/table><\/figure>\n","protected":false},"excerpt":{"rendered":"<p>DEPOLAMA \u00c7\u00d6Z\u00dcMLER\u0130 TEDAR\u0130K Z\u0130NC\u0130R\u0130 DANI\u015eMANLI\u011eI PAZARI TANIMA VE GEN\u0130\u015eLEME DANI\u015eMALI\u011eI LOJ\u0130ST\u0130K H\u0130ZMETLER G\u00dcMR\u00dcK M\u00dc\u015eAV\u0130RL\u0130\u011e\u0130 VE DANI\u015eMANLI\u011eI \u0130HRACAT VE \u0130THALAT DANI\u015eMANLI\u011eI<\/p>\n","protected":false},"author":1,"featured_media":0,"parent":0,"menu_order":0,"comment_status":"closed","ping_status":"closed","template":"","meta":{"_monsterinsights_skip_tracking":false,"_monsterinsights_sitenote_active":false,"_monsterinsights_sitenote_note":"","_monsterinsights_sitenote_category":0},"aioseo_notices":[],"_links":{"self":[{"href":"https:\/\/skab.com.tr\/index.php\/wp-json\/wp\/v2\/pages\/19925"}],"collection":[{"href":"https:\/\/skab.com.tr\/index.php\/wp-json\/wp\/v2\/pages"}],"about":[{"href":"https:\/\/skab.com.tr\/index.php\/wp-json\/wp\/v2\/types\/page"}],"author":[{"embeddable":true,"href":"https:\/\/skab.com.tr\/index.php\/wp-json\/wp\/v2\/users\/1"}],"replies":[{"embeddable":true,"href":"https:\/\/skab.com.tr\/index.php\/wp-json\/wp\/v2\/comments?post=19925"}],"version-history":[{"count":3,"href":"https:\/\/skab.com.tr\/index.php\/wp-json\/wp\/v2\/pages\/19925\/revisions"}],"predecessor-version":[{"id":20006,"href":"https:\/\/skab.com.tr\/index.php\/wp-json\/wp\/v2\/pages\/19925\/revisions\/20006"}],"wp:attachment":[{"href":"https:\/\/skab.com.tr\/index.php\/wp-json\/wp\/v2\/media?parent=19925"}],"curies":[{"name":"wp","href":"https:\/\/api.w.org\/{rel}","templated":true}]}}