{"id":19960,"date":"2022-09-24T17:23:07","date_gmt":"2022-09-24T17:23:07","guid":{"rendered":"http:\/\/skab.com.tr\/?page_id=19960"},"modified":"2022-09-25T05:13:36","modified_gmt":"2022-09-25T05:13:36","slug":"depolama-cozumleri","status":"publish","type":"page","link":"https:\/\/skab.com.tr\/index.php\/depolama-cozumleri\/","title":{"rendered":"DEPOLAMA \u00c7\u00d6Z\u00dcMLER\u0130"},"content":{"rendered":"\n<div class=\"wp-container-3 wp-block-columns\">\n<div class=\"wp-container-1 wp-block-column\">\n<figure class=\"wp-block-image size-full is-resized\"><img loading=\"lazy\" src=\"http:\/\/skab.com.tr\/wp-content\/uploads\/2022\/09\/DEPOLAMA-1.jpeg\" alt=\"\" class=\"wp-image-19961\" width=\"389\" height=\"275\"\/><\/figure>\n<\/div>\n\n\n\n<div class=\"wp-container-2 wp-block-column\">\n<p>\u0130lk dan\u0131\u015fmanl\u0131ktan \u00f6zel tasarlanm\u0131\u015f \u00e7\u00f6z\u00fcmlere,<br>uzun vadeli \u00fcr\u00fcn ve operasyonel deste\u011fe kadar,<br>benzersiz bir derinlikte depo \u00e7\u00f6z\u00fcmleri sunuyoruz.<\/p>\n\n\n\n<p>Depo uzmanlar\u0131m\u0131z, daha iyi stratejik kararlar<br>alman\u0131za yard\u0131mc\u0131 olmak i\u00e7in operasyonunuzu<br>de\u011ferlendirmek i\u00e7in \u00e7e\u015fitli hizmetlerle<br>deponuzu optimize etmenize yard\u0131mc\u0131 olabilir.<\/p>\n<\/div>\n<\/div>\n","protected":false},"excerpt":{"rendered":"<p>\u0130lk dan\u0131\u015fmanl\u0131ktan \u00f6zel tasarlanm\u0131\u015f \u00e7\u00f6z\u00fcmlere,uzun vadeli \u00fcr\u00fcn ve operasyonel deste\u011fe kadar,benzersiz bir derinlikte depo \u00e7\u00f6z\u00fcmleri sunuyoruz. Depo uzmanlar\u0131m\u0131z, daha iyi stratejik kararlaralman\u0131za yard\u0131mc\u0131 olmak i\u00e7in operasyonunuzude\u011ferlendirmek i\u00e7in \u00e7e\u015fitli hizmetlerledeponuzu optimize etmenize yard\u0131mc\u0131 olabilir.<\/p>\n","protected":false},"author":1,"featured_media":0,"parent":0,"menu_order":0,"comment_status":"closed","ping_status":"closed","template":"","meta":{"_monsterinsights_skip_tracking":false,"_monsterinsights_sitenote_active":false,"_monsterinsights_sitenote_note":"","_monsterinsights_sitenote_category":0},"aioseo_notices":[],"_links":{"self":[{"href":"https:\/\/skab.com.tr\/index.php\/wp-json\/wp\/v2\/pages\/19960"}],"collection":[{"href":"https:\/\/skab.com.tr\/index.php\/wp-json\/wp\/v2\/pages"}],"about":[{"href":"https:\/\/skab.com.tr\/index.php\/wp-json\/wp\/v2\/types\/page"}],"author":[{"embeddable":true,"href":"https:\/\/skab.com.tr\/index.php\/wp-json\/wp\/v2\/users\/1"}],"replies":[{"embeddable":true,"href":"https:\/\/skab.com.tr\/index.php\/wp-json\/wp\/v2\/comments?post=19960"}],"version-history":[{"count":2,"href":"https:\/\/skab.com.tr\/index.php\/wp-json\/wp\/v2\/pages\/19960\/revisions"}],"predecessor-version":[{"id":20013,"href":"https:\/\/skab.com.tr\/index.php\/wp-json\/wp\/v2\/pages\/19960\/revisions\/20013"}],"wp:attachment":[{"href":"https:\/\/skab.com.tr\/index.php\/wp-json\/wp\/v2\/media?parent=19960"}],"curies":[{"name":"wp","href":"https:\/\/api.w.org\/{rel}","templated":true}]}}