{"id":19993,"date":"2022-09-24T17:23:07","date_gmt":"2022-09-24T17:23:07","guid":{"rendered":"http:\/\/skab.com.tr\/index.php\/hizmetler\/gumrukmusavirligi-2\/"},"modified":"2022-09-25T04:51:07","modified_gmt":"2022-09-25T04:51:07","slug":"tedarikzinciri","status":"publish","type":"page","link":"https:\/\/skab.com.tr\/index.php\/hizmetler\/tedarikzinciri\/","title":{"rendered":"TEDAR\u0130K Z\u0130NC\u0130R\u0130 DANI\u015eMANLI\u011eI"},"content":{"rendered":"\n<div class=\"wp-container-3 wp-block-columns\">\n<div class=\"wp-container-1 wp-block-column\">\n<figure class=\"wp-block-image size-full\"><img loading=\"lazy\" width=\"311\" height=\"162\" src=\"http:\/\/skab.com.tr\/wp-content\/uploads\/2022\/09\/TEDARIK.jpeg\" alt=\"\" class=\"wp-image-19946\" srcset=\"https:\/\/skab.com.tr\/wp-content\/uploads\/2022\/09\/TEDARIK.jpeg 311w, https:\/\/skab.com.tr\/wp-content\/uploads\/2022\/09\/TEDARIK-300x156.jpeg 300w\" sizes=\"(max-width: 311px) 100vw, 311px\" \/><\/figure>\n<\/div>\n\n\n\n<div class=\"wp-container-2 wp-block-column\">\n<p>SKAB, hem yerel hem de uluslararas\u0131\/k\u00fcresel hizmet sa\u011flay\u0131c\u0131lar i\u00e7in tedarik zinciri dan\u0131\u015fmanl\u0131\u011f\u0131 \u00e7\u00f6z\u00fcmleri sunar. \u00dcreticiler, Perakendeciler ve Toptanc\u0131lar i\u00e7in SKAB, lojistik ve tedarik zinciri dan\u0131\u015fman\u0131n\u0131z olabilir ve maliyetleri d\u00fc\u015f\u00fcrmenize ve performans\u0131 art\u0131rman\u0131za yard\u0131mc\u0131 olabilir.<\/p>\n<\/div>\n<\/div>\n","protected":false},"excerpt":{"rendered":"<p>SKAB, hem yerel hem de uluslararas\u0131\/k\u00fcresel hizmet sa\u011flay\u0131c\u0131lar i\u00e7in tedarik zinciri dan\u0131\u015fmanl\u0131\u011f\u0131 \u00e7\u00f6z\u00fcmleri sunar. \u00dcreticiler, Perakendeciler ve Toptanc\u0131lar i\u00e7in SKAB, lojistik ve tedarik zinciri dan\u0131\u015fman\u0131n\u0131z olabilir ve maliyetleri d\u00fc\u015f\u00fcrmenize ve performans\u0131 art\u0131rman\u0131za yard\u0131mc\u0131 olabilir.<\/p>\n","protected":false},"author":1,"featured_media":0,"parent":19925,"menu_order":0,"comment_status":"closed","ping_status":"closed","template":"","meta":{"_monsterinsights_skip_tracking":false,"_monsterinsights_sitenote_active":false,"_monsterinsights_sitenote_note":"","_monsterinsights_sitenote_category":0},"aioseo_notices":[],"_links":{"self":[{"href":"https:\/\/skab.com.tr\/index.php\/wp-json\/wp\/v2\/pages\/19993"}],"collection":[{"href":"https:\/\/skab.com.tr\/index.php\/wp-json\/wp\/v2\/pages"}],"about":[{"href":"https:\/\/skab.com.tr\/index.php\/wp-json\/wp\/v2\/types\/page"}],"author":[{"embeddable":true,"href":"https:\/\/skab.com.tr\/index.php\/wp-json\/wp\/v2\/users\/1"}],"replies":[{"embeddable":true,"href":"https:\/\/skab.com.tr\/index.php\/wp-json\/wp\/v2\/comments?post=19993"}],"version-history":[{"count":1,"href":"https:\/\/skab.com.tr\/index.php\/wp-json\/wp\/v2\/pages\/19993\/revisions"}],"predecessor-version":[{"id":19995,"href":"https:\/\/skab.com.tr\/index.php\/wp-json\/wp\/v2\/pages\/19993\/revisions\/19995"}],"up":[{"embeddable":true,"href":"https:\/\/skab.com.tr\/index.php\/wp-json\/wp\/v2\/pages\/19925"}],"wp:attachment":[{"href":"https:\/\/skab.com.tr\/index.php\/wp-json\/wp\/v2\/media?parent=19993"}],"curies":[{"name":"wp","href":"https:\/\/api.w.org\/{rel}","templated":true}]}}