{"id":19996,"date":"2022-09-24T17:23:07","date_gmt":"2022-09-24T17:23:07","guid":{"rendered":"http:\/\/skab.com.tr\/index.php\/depolama-cozumleri-3\/"},"modified":"2022-09-25T04:55:22","modified_gmt":"2022-09-25T04:55:22","slug":"pazaritanima","status":"publish","type":"page","link":"https:\/\/skab.com.tr\/index.php\/hizmetler\/pazaritanima\/","title":{"rendered":"PAZARI TANIMA VE GEN\u0130\u015eLEME DANI\u015eMALI\u011eI"},"content":{"rendered":"\n<div class=\"wp-container-3 wp-block-columns\">\n<div class=\"wp-container-1 wp-block-column\">\n<figure class=\"wp-block-image size-full is-resized\"><img loading=\"lazy\" src=\"http:\/\/skab.com.tr\/wp-content\/uploads\/2022\/09\/MARKETTING.jpeg\" alt=\"\" class=\"wp-image-19940\" width=\"389\" height=\"297\"\/><figcaption><img loading=\"lazy\" width=\"2000\" height=\"2000\" class=\"wp-image-19973\" style=\"width: 500px;\" src=\"http:\/\/skab.com.tr\/wp-content\/uploads\/2022\/09\/Business-Plan-bro.png\" alt=\"\" srcset=\"https:\/\/skab.com.tr\/wp-content\/uploads\/2022\/09\/Business-Plan-bro.png 2000w, https:\/\/skab.com.tr\/wp-content\/uploads\/2022\/09\/Business-Plan-bro-300x300.png 300w, https:\/\/skab.com.tr\/wp-content\/uploads\/2022\/09\/Business-Plan-bro-1024x1024.png 1024w, https:\/\/skab.com.tr\/wp-content\/uploads\/2022\/09\/Business-Plan-bro-150x150.png 150w, https:\/\/skab.com.tr\/wp-content\/uploads\/2022\/09\/Business-Plan-bro-768x768.png 768w, https:\/\/skab.com.tr\/wp-content\/uploads\/2022\/09\/Business-Plan-bro-120x120.png 120w, https:\/\/skab.com.tr\/wp-content\/uploads\/2022\/09\/Business-Plan-bro-1536x1536.png 1536w, https:\/\/skab.com.tr\/wp-content\/uploads\/2022\/09\/Business-Plan-bro-46x46.png 46w, https:\/\/skab.com.tr\/wp-content\/uploads\/2022\/09\/Business-Plan-bro-1300x1300.png 1300w, https:\/\/skab.com.tr\/wp-content\/uploads\/2022\/09\/Business-Plan-bro-700x700.png 700w\" sizes=\"(max-width: 2000px) 100vw, 2000px\" \/><\/figcaption><\/figure>\n<\/div>\n\n\n\n<div class=\"wp-container-2 wp-block-column\">\n<p>Yeni bir pazara girmek karma\u015f\u0131k bir s\u00fcre\u00e7tir ve yerel k\u00fclt\u00fcr, davran\u0131\u015f, dil ve yabanc\u0131 i\u015f d\u00fczenlemeleri ve uygulamalar\u0131 hakk\u0131nda net bir anlay\u0131\u015f gerektirir.<\/p>\n\n\n\n<p>SKAB, pazara giri\u015f s\u00fcrecinin t\u00fcm a\u015famalar\u0131nda size destek olabilir.<\/p>\n\n\n\n<p>SKAB, uluslararas\u0131 alanda b\u00fcy\u00fcmek isteyen \u015firketler i\u00e7in ideal bir ortakt\u0131r.<\/p>\n\n\n\n<p>Pazara giri\u015f stratejisine ve karar vermeye rehberlik etmeye yard\u0131mc\u0131 olacak derinlemesine pazar ara\u015ft\u0131rmas\u0131 ve analizi.<\/p>\n\n\n\n<p>\u0130\u015fletmeniz ve girmek istedi\u011finiz hedef pazar i\u00e7in en uygun pazara giri\u015f stratejisini geli\u015ftirin ve uygulay\u0131n.<\/p>\n\n\n\n<p>Potansiyel m\u00fc\u015fterilerin belirlenmesi, yeni ba\u011flant\u0131lar\u0131n olu\u015fturulmas\u0131, da\u011f\u0131t\u0131m kanallar\u0131 ve ortaklar\u0131n aranmas\u0131 ve \u00fc\u00e7\u00fcnc\u00fc taraf hizmet sa\u011flay\u0131c\u0131lara tan\u0131t\u0131lmas\u0131.<\/p>\n\n\n\n<p>Sizinle ortak olma f\u0131rsat\u0131n\u0131 memnuniyetle kar\u015f\u0131l\u0131yoruz.<\/p>\n<\/div>\n<\/div>\n","protected":false},"excerpt":{"rendered":"<p>Yeni bir pazara girmek karma\u015f\u0131k bir s\u00fcre\u00e7tir ve yerel k\u00fclt\u00fcr, davran\u0131\u015f, dil ve yabanc\u0131 i\u015f d\u00fczenlemeleri ve uygulamalar\u0131 hakk\u0131nda net bir anlay\u0131\u015f gerektirir. SKAB, pazara giri\u015f s\u00fcrecinin t\u00fcm a\u015famalar\u0131nda size destek olabilir. SKAB, uluslararas\u0131 alanda b\u00fcy\u00fcmek isteyen \u015firketler i\u00e7in ideal bir ortakt\u0131r. Pazara giri\u015f stratejisine ve karar vermeye rehberlik etmeye yard\u0131mc\u0131 olacak derinlemesine pazar ara\u015ft\u0131rmas\u0131 [&hellip;]<\/p>\n","protected":false},"author":1,"featured_media":0,"parent":19925,"menu_order":0,"comment_status":"closed","ping_status":"closed","template":"","meta":{"_monsterinsights_skip_tracking":false,"_monsterinsights_sitenote_active":false,"_monsterinsights_sitenote_note":"","_monsterinsights_sitenote_category":0},"aioseo_notices":[],"_links":{"self":[{"href":"https:\/\/skab.com.tr\/index.php\/wp-json\/wp\/v2\/pages\/19996"}],"collection":[{"href":"https:\/\/skab.com.tr\/index.php\/wp-json\/wp\/v2\/pages"}],"about":[{"href":"https:\/\/skab.com.tr\/index.php\/wp-json\/wp\/v2\/types\/page"}],"author":[{"embeddable":true,"href":"https:\/\/skab.com.tr\/index.php\/wp-json\/wp\/v2\/users\/1"}],"replies":[{"embeddable":true,"href":"https:\/\/skab.com.tr\/index.php\/wp-json\/wp\/v2\/comments?post=19996"}],"version-history":[{"count":1,"href":"https:\/\/skab.com.tr\/index.php\/wp-json\/wp\/v2\/pages\/19996\/revisions"}],"predecessor-version":[{"id":19998,"href":"https:\/\/skab.com.tr\/index.php\/wp-json\/wp\/v2\/pages\/19996\/revisions\/19998"}],"up":[{"embeddable":true,"href":"https:\/\/skab.com.tr\/index.php\/wp-json\/wp\/v2\/pages\/19925"}],"wp:attachment":[{"href":"https:\/\/skab.com.tr\/index.php\/wp-json\/wp\/v2\/media?parent=19996"}],"curies":[{"name":"wp","href":"https:\/\/api.w.org\/{rel}","templated":true}]}}