{"id":19999,"date":"2022-09-24T17:23:07","date_gmt":"2022-09-24T17:23:07","guid":{"rendered":"http:\/\/skab.com.tr\/index.php\/depolama-cozumleri-3\/"},"modified":"2022-09-25T05:15:12","modified_gmt":"2022-09-25T05:15:12","slug":"lojistik-2","status":"publish","type":"page","link":"https:\/\/skab.com.tr\/index.php\/hizmetler\/lojistik-2\/","title":{"rendered":"LOJ\u0130ST\u0130K \u00c7\u00d6Z\u00dcMLER\u0130"},"content":{"rendered":"\n<div class=\"wp-container-3 wp-block-columns\">\n<div class=\"wp-container-1 wp-block-column\">\n<figure class=\"wp-block-image size-full is-resized\"><img loading=\"lazy\" src=\"http:\/\/skab.com.tr\/wp-content\/uploads\/2022\/09\/LOJISTIK.jpeg\" alt=\"\" class=\"wp-image-19939\" width=\"400\" height=\"300\"\/><\/figure>\n<\/div>\n\n\n\n<div class=\"wp-container-2 wp-block-column\">\n<p>M\u00fc\u015fterilerimize tutarl\u0131 ve y\u00fcksek kalitede k\u00fcresel ve rekabet\u00e7i nakliye ve lojistik hizmetleri sunuyoruz.<\/p>\n<\/div>\n<\/div>\n","protected":false},"excerpt":{"rendered":"<p>M\u00fc\u015fterilerimize tutarl\u0131 ve y\u00fcksek kalitede k\u00fcresel ve rekabet\u00e7i nakliye ve lojistik hizmetleri sunuyoruz.<\/p>\n","protected":false},"author":1,"featured_media":0,"parent":19925,"menu_order":0,"comment_status":"closed","ping_status":"closed","template":"","meta":{"_monsterinsights_skip_tracking":false,"_monsterinsights_sitenote_active":false,"_monsterinsights_sitenote_note":"","_monsterinsights_sitenote_category":0},"aioseo_notices":[],"_links":{"self":[{"href":"https:\/\/skab.com.tr\/index.php\/wp-json\/wp\/v2\/pages\/19999"}],"collection":[{"href":"https:\/\/skab.com.tr\/index.php\/wp-json\/wp\/v2\/pages"}],"about":[{"href":"https:\/\/skab.com.tr\/index.php\/wp-json\/wp\/v2\/types\/page"}],"author":[{"embeddable":true,"href":"https:\/\/skab.com.tr\/index.php\/wp-json\/wp\/v2\/users\/1"}],"replies":[{"embeddable":true,"href":"https:\/\/skab.com.tr\/index.php\/wp-json\/wp\/v2\/comments?post=19999"}],"version-history":[{"count":2,"href":"https:\/\/skab.com.tr\/index.php\/wp-json\/wp\/v2\/pages\/19999\/revisions"}],"predecessor-version":[{"id":20014,"href":"https:\/\/skab.com.tr\/index.php\/wp-json\/wp\/v2\/pages\/19999\/revisions\/20014"}],"up":[{"embeddable":true,"href":"https:\/\/skab.com.tr\/index.php\/wp-json\/wp\/v2\/pages\/19925"}],"wp:attachment":[{"href":"https:\/\/skab.com.tr\/index.php\/wp-json\/wp\/v2\/media?parent=19999"}],"curies":[{"name":"wp","href":"https:\/\/api.w.org\/{rel}","templated":true}]}}