{"id":20002,"date":"2022-09-24T17:23:07","date_gmt":"2022-09-24T17:23:07","guid":{"rendered":"http:\/\/skab.com.tr\/index.php\/depolama-cozumleri-3\/"},"modified":"2022-09-25T05:02:58","modified_gmt":"2022-09-25T05:02:58","slug":"ithalat","status":"publish","type":"page","link":"https:\/\/skab.com.tr\/index.php\/hizmetler\/ithalat\/","title":{"rendered":"\u0130HRACAT VE \u0130THALAT DANI\u015eMANLI\u011eI"},"content":{"rendered":"\n<div class=\"wp-container-3 wp-block-columns\">\n<div class=\"wp-container-1 wp-block-column\">\n<figure class=\"wp-block-image size-full\"><img loading=\"lazy\" width=\"242\" height=\"208\" src=\"http:\/\/skab.com.tr\/wp-content\/uploads\/2022\/09\/import-3.jpeg\" alt=\"\" class=\"wp-image-19928\"\/><\/figure>\n<\/div>\n\n\n\n<div class=\"wp-container-2 wp-block-column\">\n<p>Firma olarak, size ithalat ve ihracat konusunda yard\u0131mc\u0131 olmay\u0131 cok isteriz. deneyimli kadromuz ve y\u0131llara dayanan tecr\u00fcbemizle size en iyi d\u0131\u015f ticaret \u00e7\u00f6z\u00fcmlerini sunmaya haz\u0131r\u0131z<\/p>\n<\/div>\n<\/div>\n","protected":false},"excerpt":{"rendered":"<p>Firma olarak, size ithalat ve ihracat konusunda yard\u0131mc\u0131 olmay\u0131 cok isteriz. deneyimli kadromuz ve y\u0131llara dayanan tecr\u00fcbemizle size en iyi d\u0131\u015f ticaret \u00e7\u00f6z\u00fcmlerini sunmaya haz\u0131r\u0131z<\/p>\n","protected":false},"author":1,"featured_media":0,"parent":19925,"menu_order":0,"comment_status":"closed","ping_status":"closed","template":"","meta":{"_monsterinsights_skip_tracking":false,"_monsterinsights_sitenote_active":false,"_monsterinsights_sitenote_note":"","_monsterinsights_sitenote_category":0},"aioseo_notices":[],"_links":{"self":[{"href":"https:\/\/skab.com.tr\/index.php\/wp-json\/wp\/v2\/pages\/20002"}],"collection":[{"href":"https:\/\/skab.com.tr\/index.php\/wp-json\/wp\/v2\/pages"}],"about":[{"href":"https:\/\/skab.com.tr\/index.php\/wp-json\/wp\/v2\/types\/page"}],"author":[{"embeddable":true,"href":"https:\/\/skab.com.tr\/index.php\/wp-json\/wp\/v2\/users\/1"}],"replies":[{"embeddable":true,"href":"https:\/\/skab.com.tr\/index.php\/wp-json\/wp\/v2\/comments?post=20002"}],"version-history":[{"count":1,"href":"https:\/\/skab.com.tr\/index.php\/wp-json\/wp\/v2\/pages\/20002\/revisions"}],"predecessor-version":[{"id":20004,"href":"https:\/\/skab.com.tr\/index.php\/wp-json\/wp\/v2\/pages\/20002\/revisions\/20004"}],"up":[{"embeddable":true,"href":"https:\/\/skab.com.tr\/index.php\/wp-json\/wp\/v2\/pages\/19925"}],"wp:attachment":[{"href":"https:\/\/skab.com.tr\/index.php\/wp-json\/wp\/v2\/media?parent=20002"}],"curies":[{"name":"wp","href":"https:\/\/api.w.org\/{rel}","templated":true}]}}