{"id":2443,"date":"2022-09-18T20:15:45","date_gmt":"2022-09-18T20:15:45","guid":{"rendered":"http:\/\/skab.com.tr\/?page_id=2443"},"modified":"2022-09-24T09:23:04","modified_gmt":"2022-09-24T09:23:04","slug":"urunler","status":"publish","type":"page","link":"https:\/\/skab.com.tr\/index.php\/urunler\/","title":{"rendered":"\u00dcr\u00fcnler"},"content":{"rendered":"\n<figure class=\"wp-block-table\"><table><tbody><tr><td><a href=\"http:\/\/skab.com.tr\/index.php\/en\/su-urunleri\/\" title=\"SU \u00dcR\u00dcNLER\u0130\">SU \u00dcR\u00dcNLER\u0130<\/a><\/td><td><a href=\"http:\/\/skab.com.tr\/index.php\/en\/orman-urunleri\/\" title=\"ORMAN \u00dcR\u00dcNLER\u0130\">ORMAN \u00dcR\u00dcNLER\u0130<\/a><\/td><\/tr><tr><td><img loading=\"lazy\" width=\"394\" height=\"128\" class=\"wp-image-19882\" style=\"width: 500px;\" src=\"http:\/\/skab.com.tr\/wp-content\/uploads\/2022\/09\/KULT2-1.jpeg\" alt=\"\" srcset=\"https:\/\/skab.com.tr\/wp-content\/uploads\/2022\/09\/KULT2-1.jpeg 394w, https:\/\/skab.com.tr\/wp-content\/uploads\/2022\/09\/KULT2-1-300x97.jpeg 300w\" sizes=\"(max-width: 394px) 100vw, 394px\" \/><\/td><td><img loading=\"lazy\" width=\"1000\" height=\"667\" class=\"wp-image-19907\" style=\"width: 500px;\" src=\"http:\/\/skab.com.tr\/wp-content\/uploads\/2022\/09\/WOODP-1.jpg\" alt=\"\" srcset=\"https:\/\/skab.com.tr\/wp-content\/uploads\/2022\/09\/WOODP-1.jpg 1000w, https:\/\/skab.com.tr\/wp-content\/uploads\/2022\/09\/WOODP-1-300x200.jpg 300w, https:\/\/skab.com.tr\/wp-content\/uploads\/2022\/09\/WOODP-1-768x512.jpg 768w\" sizes=\"(max-width: 1000px) 100vw, 1000px\" \/><\/td><\/tr><\/tbody><\/table><\/figure>\n\n\n\n<h2 class=\"has-text-align-center\">KABUK<\/h2>\n\n\n\n<figure class=\"wp-block-image size-large\"><img loading=\"lazy\" width=\"562\" height=\"567\" src=\"http:\/\/skab.com.tr\/wp-content\/uploads\/2022\/09\/a\u011fa\u00e7-kabu\u011fu.jpg\" alt=\"\" class=\"wp-image-2455\" srcset=\"https:\/\/skab.com.tr\/wp-content\/uploads\/2022\/09\/a\u011fa\u00e7-kabu\u011fu.jpg 562w, https:\/\/skab.com.tr\/wp-content\/uploads\/2022\/09\/a\u011fa\u00e7-kabu\u011fu-297x300.jpg 297w, https:\/\/skab.com.tr\/wp-content\/uploads\/2022\/09\/a\u011fa\u00e7-kabu\u011fu-150x150.jpg 150w, https:\/\/skab.com.tr\/wp-content\/uploads\/2022\/09\/a\u011fa\u00e7-kabu\u011fu-120x120.jpg 120w, https:\/\/skab.com.tr\/wp-content\/uploads\/2022\/09\/a\u011fa\u00e7-kabu\u011fu-46x46.jpg 46w\" sizes=\"(max-width: 562px) 100vw, 562px\" \/><\/figure>\n\n\n\n<h2 class=\"has-text-align-center\">AH\u015eAP C\u0130PS<\/h2>\n\n\n\n<figure class=\"wp-block-image size-large is-resized\"><img loading=\"lazy\" src=\"http:\/\/skab.com.tr\/wp-content\/uploads\/2022\/09\/cips-2.jpeg\" alt=\"\" class=\"wp-image-2456\" width=\"564\" height=\"375\"\/><\/figure>\n\n\n\n<h2 class=\"has-text-align-center\">PELET<\/h2>\n\n\n\n<figure class=\"wp-block-image size-large\"><img loading=\"lazy\" width=\"1000\" height=\"564\" src=\"http:\/\/skab.com.tr\/wp-content\/uploads\/2022\/09\/pelet-yak\u0131t.jpg\" alt=\"\" class=\"wp-image-2457\" srcset=\"https:\/\/skab.com.tr\/wp-content\/uploads\/2022\/09\/pelet-yak\u0131t.jpg 1000w, https:\/\/skab.com.tr\/wp-content\/uploads\/2022\/09\/pelet-yak\u0131t-300x169.jpg 300w, https:\/\/skab.com.tr\/wp-content\/uploads\/2022\/09\/pelet-yak\u0131t-768x433.jpg 768w\" sizes=\"(max-width: 1000px) 100vw, 1000px\" \/><\/figure>\n\n\n\n<h2 class=\"has-text-align-center\">PET<\/h2>\n\n\n\n<figure class=\"wp-block-image size-large is-resized\"><img loading=\"lazy\" src=\"http:\/\/skab.com.tr\/wp-content\/uploads\/2022\/09\/PET-1024x1024.jpg\" alt=\"\" class=\"wp-image-2458\" width=\"586\" height=\"586\" srcset=\"https:\/\/skab.com.tr\/wp-content\/uploads\/2022\/09\/PET-1024x1024.jpg 1024w, https:\/\/skab.com.tr\/wp-content\/uploads\/2022\/09\/PET-300x300.jpg 300w, https:\/\/skab.com.tr\/wp-content\/uploads\/2022\/09\/PET-150x150.jpg 150w, https:\/\/skab.com.tr\/wp-content\/uploads\/2022\/09\/PET-768x768.jpg 768w, https:\/\/skab.com.tr\/wp-content\/uploads\/2022\/09\/PET-120x120.jpg 120w, https:\/\/skab.com.tr\/wp-content\/uploads\/2022\/09\/PET-46x46.jpg 46w, https:\/\/skab.com.tr\/wp-content\/uploads\/2022\/09\/PET-1300x1300.jpg 1300w, https:\/\/skab.com.tr\/wp-content\/uploads\/2022\/09\/PET-700x700.jpg 700w, https:\/\/skab.com.tr\/wp-content\/uploads\/2022\/09\/PET.jpg 1500w\" sizes=\"(max-width: 586px) 100vw, 586px\" \/><\/figure>\n","protected":false},"excerpt":{"rendered":"<p>SU \u00dcR\u00dcNLER\u0130 ORMAN \u00dcR\u00dcNLER\u0130 KABUK AH\u015eAP C\u0130PS PELET PET<\/p>\n","protected":false},"author":1,"featured_media":0,"parent":0,"menu_order":0,"comment_status":"closed","ping_status":"closed","template":"","meta":{"_monsterinsights_skip_tracking":false,"_monsterinsights_sitenote_active":false,"_monsterinsights_sitenote_note":"","_monsterinsights_sitenote_category":0},"aioseo_notices":[],"_links":{"self":[{"href":"https:\/\/skab.com.tr\/index.php\/wp-json\/wp\/v2\/pages\/2443"}],"collection":[{"href":"https:\/\/skab.com.tr\/index.php\/wp-json\/wp\/v2\/pages"}],"about":[{"href":"https:\/\/skab.com.tr\/index.php\/wp-json\/wp\/v2\/types\/page"}],"author":[{"embeddable":true,"href":"https:\/\/skab.com.tr\/index.php\/wp-json\/wp\/v2\/users\/1"}],"replies":[{"embeddable":true,"href":"https:\/\/skab.com.tr\/index.php\/wp-json\/wp\/v2\/comments?post=2443"}],"version-history":[{"count":4,"href":"https:\/\/skab.com.tr\/index.php\/wp-json\/wp\/v2\/pages\/2443\/revisions"}],"predecessor-version":[{"id":19908,"href":"https:\/\/skab.com.tr\/index.php\/wp-json\/wp\/v2\/pages\/2443\/revisions\/19908"}],"wp:attachment":[{"href":"https:\/\/skab.com.tr\/index.php\/wp-json\/wp\/v2\/media?parent=2443"}],"curies":[{"name":"wp","href":"https:\/\/api.w.org\/{rel}","templated":true}]}}