{"id":2464,"date":"2022-09-18T21:17:26","date_gmt":"2022-09-18T21:17:26","guid":{"rendered":"http:\/\/skab.com.tr\/?page_id=2464"},"modified":"2022-09-24T14:12:56","modified_gmt":"2022-09-24T14:12:56","slug":"su-urunleri","status":"publish","type":"page","link":"https:\/\/skab.com.tr\/index.php\/su-urunleri\/","title":{"rendered":"SU \u00dcR\u00dcNLER\u0130"},"content":{"rendered":"\n<p>BALIK\u00c7ILIK SEKT\u00d6R\u00dcNDE KULLANILAN YEMLER TEMEL \u00dcRET\u0130M ALANLARIMIZ \u0130\u00c7\u0130DE YER ALMAKTADIR<\/p>\n\n\n\n<p><\/p>\n\n\n\n<figure class=\"wp-block-image size-large\"><img loading=\"lazy\" width=\"683\" height=\"1024\" src=\"http:\/\/skab.com.tr\/wp-content\/uploads\/2022\/09\/YEM-683x1024.jpg\" alt=\"\" class=\"wp-image-19922\" srcset=\"https:\/\/skab.com.tr\/wp-content\/uploads\/2022\/09\/YEM-683x1024.jpg 683w, https:\/\/skab.com.tr\/wp-content\/uploads\/2022\/09\/YEM-200x300.jpg 200w, https:\/\/skab.com.tr\/wp-content\/uploads\/2022\/09\/YEM-768x1152.jpg 768w, https:\/\/skab.com.tr\/wp-content\/uploads\/2022\/09\/YEM-1024x1536.jpg 1024w, https:\/\/skab.com.tr\/wp-content\/uploads\/2022\/09\/YEM.jpg 1200w\" sizes=\"(max-width: 683px) 100vw, 683px\" \/><\/figure>\n\n\n\n<figure class=\"wp-block-image size-full is-resized\"><img loading=\"lazy\" src=\"http:\/\/skab.com.tr\/wp-content\/uploads\/2022\/09\/KULTUR22-1.jpeg\" alt=\"\" class=\"wp-image-19886\" width=\"571\" height=\"320\"\/><\/figure>\n\n\n\n<figure class=\"wp-block-image size-large\"><img loading=\"lazy\" width=\"1024\" height=\"576\" src=\"http:\/\/skab.com.tr\/wp-content\/uploads\/2022\/09\/sinop-balikcilik-ihracat-somon-aa-1851085-2-1024x576.jpg\" alt=\"\" class=\"wp-image-19920\" srcset=\"https:\/\/skab.com.tr\/wp-content\/uploads\/2022\/09\/sinop-balikcilik-ihracat-somon-aa-1851085-2-1024x576.jpg 1024w, https:\/\/skab.com.tr\/wp-content\/uploads\/2022\/09\/sinop-balikcilik-ihracat-somon-aa-1851085-2-300x169.jpg 300w, https:\/\/skab.com.tr\/wp-content\/uploads\/2022\/09\/sinop-balikcilik-ihracat-somon-aa-1851085-2-768x432.jpg 768w, https:\/\/skab.com.tr\/wp-content\/uploads\/2022\/09\/sinop-balikcilik-ihracat-somon-aa-1851085-2.jpg 1280w\" sizes=\"(max-width: 1024px) 100vw, 1024px\" \/><\/figure>\n\n\n\n<figure class=\"wp-block-image size-full is-resized\"><img loading=\"lazy\" src=\"http:\/\/skab.com.tr\/wp-content\/uploads\/2022\/09\/KULTUR.jpeg\" alt=\"\" class=\"wp-image-19821\" width=\"675\" height=\"259\" srcset=\"https:\/\/skab.com.tr\/wp-content\/uploads\/2022\/09\/KULTUR.jpeg 362w, https:\/\/skab.com.tr\/wp-content\/uploads\/2022\/09\/KULTUR-300x115.jpeg 300w\" sizes=\"(max-width: 675px) 100vw, 675px\" \/><\/figure>\n","protected":false},"excerpt":{"rendered":"<p>BALIK\u00c7ILIK SEKT\u00d6R\u00dcNDE KULLANILAN YEMLER TEMEL \u00dcRET\u0130M ALANLARIMIZ \u0130\u00c7\u0130DE YER ALMAKTADIR<\/p>\n","protected":false},"author":1,"featured_media":0,"parent":0,"menu_order":0,"comment_status":"closed","ping_status":"closed","template":"","meta":{"_monsterinsights_skip_tracking":false,"_monsterinsights_sitenote_active":false,"_monsterinsights_sitenote_note":"","_monsterinsights_sitenote_category":0},"aioseo_notices":[],"_links":{"self":[{"href":"https:\/\/skab.com.tr\/index.php\/wp-json\/wp\/v2\/pages\/2464"}],"collection":[{"href":"https:\/\/skab.com.tr\/index.php\/wp-json\/wp\/v2\/pages"}],"about":[{"href":"https:\/\/skab.com.tr\/index.php\/wp-json\/wp\/v2\/types\/page"}],"author":[{"embeddable":true,"href":"https:\/\/skab.com.tr\/index.php\/wp-json\/wp\/v2\/users\/1"}],"replies":[{"embeddable":true,"href":"https:\/\/skab.com.tr\/index.php\/wp-json\/wp\/v2\/comments?post=2464"}],"version-history":[{"count":3,"href":"https:\/\/skab.com.tr\/index.php\/wp-json\/wp\/v2\/pages\/2464\/revisions"}],"predecessor-version":[{"id":19923,"href":"https:\/\/skab.com.tr\/index.php\/wp-json\/wp\/v2\/pages\/2464\/revisions\/19923"}],"wp:attachment":[{"href":"https:\/\/skab.com.tr\/index.php\/wp-json\/wp\/v2\/media?parent=2464"}],"curies":[{"name":"wp","href":"https:\/\/api.w.org\/{rel}","templated":true}]}}